{"id":987499409,"date":"2024-01-17T15:00:57","date_gmt":"2024-01-17T14:00:57","guid":{"rendered":"https:\/\/www.create-light.de\/?page_id=987499409"},"modified":"2025-07-03T16:46:47","modified_gmt":"2025-07-03T14:46:47","slug":"focus-ki","status":"publish","type":"page","link":"https:\/\/www.create-light.de\/fr\/focus-ki\/","title":{"rendered":"FOCUS KI"},"content":{"rendered":"<p>[et_pb_section fb_built=&#8220;1&#8243; custom_padding_last_edited=&#8220;on|phone&#8220; _builder_version=&#8220;4.24.2&#8243; _module_preset=&#8220;default&#8220; background_color=&#8220;#0c0c0c&#8220; use_background_color_gradient=&#8220;on&#8220; background_color_gradient_stops=&#8220;rgba(43,135,218,0) 32%|#000000 100%&#8220; background_color_gradient_overlays_image=&#8220;on&#8220; background_image=&#8220;https:\/\/www.create-light.de\/wp-content\/uploads\/CREATE_LIGHT_FOCUS-KI.jpg&#8220; min_height=&#8220;100vh&#8220; min_height_tablet=&#8220;100vh&#8220; min_height_phone=&#8220;&#8220; min_height_last_edited=&#8220;on|phone&#8220; height=&#8220;100vh&#8220; height_tablet=&#8220;100vh&#8220; height_phone=&#8220;&#8220; height_last_edited=&#8220;on|tablet&#8220; custom_padding_tablet=&#8220;&#8220; custom_padding_phone=&#8220;0px||0px||false|false&#8220; filter_saturate=&#8220;109%&#8220; background_last_edited=&#8220;off|desktop&#8220; background_image_phone=&#8220;https:\/\/www.create-light.de\/wp-content\/uploads\/CREATE-LIGHT-home-m.jpg&#8220; background_enable_image_phone=&#8220;on&#8220; module_alignment_last_edited=&#8220;off|phone&#8220; global_colors_info=&#8220;{}&#8220;][et_pb_row disabled_on=&#8220;off|off|off&#8220; _builder_version=&#8220;4.24.2&#8243; _module_preset=&#8220;default&#8220; background_color=&#8220;rgba(12,12,12,0.71)&#8220; positioning=&#8220;absolute&#8220; position_origin_a=&#8220;bottom_left&#8220; position_origin_a_tablet=&#8220;top_center&#8220; position_origin_a_phone=&#8220;top_center&#8220; position_origin_a_last_edited=&#8220;on|tablet&#8220; position_origin_f_tablet=&#8220;&#8220; position_origin_f_phone=&#8220;&#8220; position_origin_f_last_edited=&#8220;on|phone&#8220; position_origin_r_tablet=&#8220;&#8220; position_origin_r_phone=&#8220;&#8220; position_origin_r_last_edited=&#8220;on|phone&#8220; width=&#8220;auto&#8220; width_tablet=&#8220;98%&#8220; width_phone=&#8220;100%&#8220; width_last_edited=&#8220;on|phone&#8220; custom_margin=&#8220;15vh||5vh|5vh|false|false&#8220; custom_margin_tablet=&#8220;|0vh|5vh|0px|false|false&#8220; custom_margin_phone=&#8220;0px|0vh|1vh|0px|false|false&#8220; custom_margin_last_edited=&#8220;on|phone&#8220; custom_padding=&#8220;|2vh||2vh|false|false&#8220; positioning_tablet=&#8220;absolute&#8220; positioning_phone=&#8220;relative&#8220; positioning_last_edited=&#8220;on|phone&#8220; border_radii=&#8220;on|10px|10px|10px|10px&#8220; global_colors_info=&#8220;{}&#8220;][et_pb_column type=&#8220;4_4&#8243; _builder_version=&#8220;4.23.4&#8243; _module_preset=&#8220;default&#8220; global_colors_info=&#8220;{}&#8220;][et_pb_text content_tablet=&#8220;<\/p>\n<h1 style=\"%22text-align:\" left;%22><strong>FOCUS KI<\/strong><\/h1>\n<p>&#8220; content_phone=&#8220;<\/p>\n<h1 style=\"%22text-align:\" center;%22>FOCUS KI<\/h1>\n<p>&#8220; content_last_edited=&#8220;on|phone&#8220; _builder_version=&#8220;4.24.1&#8243; _module_preset=&#8220;default&#8220; header_font=&#8220;CREATE LIGHT FONT|900|||||||&#8220; header_text_align=&#8220;left&#8220; header_text_color=&#8220;#FFFFFF&#8220; header_font_size=&#8220;36px&#8220; header_line_height=&#8220;1.4em&#8220; header_3_font=&#8220;Hammersmith One|||on|||||&#8220; header_3_text_align=&#8220;left&#8220; header_3_text_color=&#8220;#FFFFFF&#8220; header_3_font_size=&#8220;39px&#8220; header_3_line_height=&#8220;1.4em&#8220; custom_margin=&#8220;0px||||false|false&#8220; custom_margin_tablet=&#8220;0px||||false|false&#8220; custom_margin_phone=&#8220;||0px||false|false&#8220; custom_margin_last_edited=&#8220;on|phone&#8220; custom_padding=&#8220;0px||0px||false|false&#8220; header_text_align_tablet=&#8220;&#8220; header_text_align_phone=&#8220;center&#8220; header_text_align_last_edited=&#8220;on|phone&#8220; header_font_size_tablet=&#8220;36px&#8220; header_font_size_phone=&#8220;25px&#8220; header_font_size_last_edited=&#8220;on|phone&#8220; header_3_font_size_tablet=&#8220;39px&#8220; header_3_font_size_phone=&#8220;28px&#8220; header_3_font_size_last_edited=&#8220;on|phone&#8220; global_colors_info=&#8220;{}&#8220; custom_css_main_element_last_edited=&#8220;on|tablet&#8220; custom_css_main_element_tablet=&#8220;text-indent: 0%;&#8220; custom_css_main_element_phone=&#8220;text-indent: 0%;&#8220;]<\/p>\n<h1 style=\"text-align: left;\"><strong>FOCUS KI<\/strong><\/h1>\n<p>[\/et_pb_text][et_pb_text disabled_on=&#8220;off|off|off&#8220; _builder_version=&#8220;4.24.2&#8243; _module_preset=&#8220;default&#8220; text_font=&#8220;CREATE LIGHT FONT||||||||&#8220; text_text_color=&#8220;#FFFFFF&#8220; text_font_size=&#8220;19px&#8220; text_line_height=&#8220;1.1em&#8220; custom_margin=&#8220;||||false|false&#8220; custom_padding=&#8220;||||false|false&#8220; text_font_size_tablet=&#8220;19px&#8220; text_font_size_phone=&#8220;17px&#8220; text_font_size_last_edited=&#8220;on|phone&#8220; text_line_height_tablet=&#8220;1.1em&#8220; text_line_height_phone=&#8220;0.5em&#8220; text_line_height_last_edited=&#8220;on|phone&#8220; text_orientation_tablet=&#8220;&#8220; text_orientation_phone=&#8220;center&#8220; text_orientation_last_edited=&#8220;on|phone&#8220; global_colors_info=&#8220;{}&#8220;]<\/p>\n<p><strong>Utilisation de l\u2019intelligence artificielle <\/strong><\/p>\n<p><strong>dans l\u2019\u00e9clairage d\u2019exposition<\/strong><\/p>\n<p>[\/et_pb_text][\/et_pb_column][\/et_pb_row][et_pb_row custom_padding_last_edited=&#8220;on|phone&#8220; disabled_on=&#8220;off|off|off&#8220; _builder_version=&#8220;4.24.2&#8243; _module_preset=&#8220;default&#8220; background_color=&#8220;rgba(0,0,0,0.66)&#8220; positioning=&#8220;absolute&#8220; position_origin_a=&#8220;bottom_right&#8220; position_origin_a_tablet=&#8220;bottom_center&#8220; position_origin_a_phone=&#8220;bottom_center&#8220; position_origin_a_last_edited=&#8220;on|phone&#8220; position_origin_f_tablet=&#8220;&#8220; position_origin_f_phone=&#8220;&#8220; position_origin_f_last_edited=&#8220;on|phone&#8220; position_origin_r_tablet=&#8220;&#8220; position_origin_r_phone=&#8220;top_left&#8220; position_origin_r_last_edited=&#8220;on|phone&#8220; width=&#8220;43%&#8220; width_tablet=&#8220;98%&#8220; width_phone=&#8220;100%&#8220; width_last_edited=&#8220;on|phone&#8220; custom_margin=&#8220;|2vh|5vh|auto|false|false&#8220; custom_margin_tablet=&#8220;|0vh|5vh|0px|false|false&#8220; custom_margin_phone=&#8220;|0vh|0vh|0px|false|false&#8220; custom_margin_last_edited=&#8220;on|phone&#8220; custom_padding=&#8220;|2vh||2vh|false|true&#8220; custom_padding_tablet=&#8220;|2vh||2vh|false|true&#8220; custom_padding_phone=&#8220;2vh|0vh|0px|0vh|false|true&#8220; positioning_tablet=&#8220;absolute&#8220; positioning_phone=&#8220;relative&#8220; positioning_last_edited=&#8220;on|phone&#8220; border_radii=&#8220;on|10px|10px|10px|10px&#8220; global_colors_info=&#8220;{}&#8220;][et_pb_column type=&#8220;4_4&#8243; _builder_version=&#8220;4.24.2&#8243; _module_preset=&#8220;default&#8220; global_colors_info=&#8220;{}&#8220;][et_pb_slider show_arrows=&#8220;off&#8220; show_pagination=&#8220;off&#8220; _builder_version=&#8220;4.24.1&#8243; _module_preset=&#8220;default&#8220; background_color=&#8220;RGBA(255,255,255,0)&#8220; module_alignment=&#8220;left&#8220; custom_margin=&#8220;||0px|-5vh|false|false&#8220; custom_margin_tablet=&#8220;0px||0px|-5vh|false|false&#8220; custom_margin_phone=&#8220;|||0vh|false|false&#8220; custom_margin_last_edited=&#8220;on|desktop&#8220; custom_padding=&#8220;0px||0px|0px|false|false&#8220; auto=&#8220;on&#8220; auto_speed=&#8220;6000&#8243; auto_ignore_hover=&#8220;on&#8220; global_colors_info=&#8220;{}&#8220;][et_pb_slide heading=&#8220;KI in der Beleuchtungssteuerung: &#8220; _builder_version=&#8220;4.24.1&#8243; _module_preset=&#8220;default&#8220; header_level=&#8220;h2&#8243; header_font=&#8220;CREATE LIGHT FONT|800||on|on||||solid&#8220; header_text_align=&#8220;left&#8220; header_font_size=&#8220;22px&#8220; header_letter_spacing=&#8220;0px&#8220; header_line_height=&#8220;1.6em&#8220; body_font=&#8220;CREATE LIGHT FONT||||||||&#8220; body_text_align=&#8220;left&#8220; body_font_size=&#8220;19px&#8220; text_orientation=&#8220;left&#8220; custom_padding=&#8220;|0px||0px|false|false&#8220; header_text_align_tablet=&#8220;left&#8220; header_text_align_phone=&#8220;center&#8220; header_text_align_last_edited=&#8220;on|phone&#8220; header_font_size_tablet=&#8220;&#8220; header_font_size_phone=&#8220;19px&#8220; header_font_size_last_edited=&#8220;on|phone&#8220; body_text_align_tablet=&#8220;left&#8220; body_text_align_phone=&#8220;center&#8220; body_text_align_last_edited=&#8220;on|phone&#8220; body_font_size_tablet=&#8220;&#8220; body_font_size_phone=&#8220;17px&#8220; body_font_size_last_edited=&#8220;on|phone&#8220; body_line_height_tablet=&#8220;&#8220; body_line_height_phone=&#8220;1.2em&#8220; body_line_height_last_edited=&#8220;on|phone&#8220; global_colors_info=&#8220;{}&#8220; sticky_transition=&#8220;on&#8220;]<\/p>\n<p>L\u2019intelligence artificielle peut optimiser le contr\u00f4le de l\u2019\u00e9clairage en analysant les donn\u00e9es sur la lumi\u00e8re ambiante, les \u0153uvres d\u2019art et le trafic des visiteurs pour fournir un \u00e9clairage dynamique et adaptatif.<\/p>\n<p>[\/et_pb_slide][et_pb_slide heading=&#8220;Predictive Maintenance: &#8220; _builder_version=&#8220;4.24.1&#8243; _module_preset=&#8220;default&#8220; header_level=&#8220;h2&#8243; header_font=&#8220;CREATE LIGHT FONT|800||on|on||||solid&#8220; header_text_align=&#8220;left&#8220; header_font_size=&#8220;22px&#8220; header_letter_spacing=&#8220;0px&#8220; header_line_height=&#8220;1.6em&#8220; body_font=&#8220;CREATE LIGHT FONT||||||||&#8220; body_text_align=&#8220;left&#8220; body_font_size=&#8220;19px&#8220; text_orientation=&#8220;left&#8220; custom_padding=&#8220;|0px||0px|false|false&#8220; header_text_align_tablet=&#8220;left&#8220; header_text_align_phone=&#8220;center&#8220; header_text_align_last_edited=&#8220;on|phone&#8220; header_font_size_tablet=&#8220;&#8220; header_font_size_phone=&#8220;19px&#8220; header_font_size_last_edited=&#8220;on|phone&#8220; body_text_align_tablet=&#8220;left&#8220; body_text_align_phone=&#8220;center&#8220; body_text_align_last_edited=&#8220;on|phone&#8220; body_font_size_tablet=&#8220;&#8220; body_font_size_phone=&#8220;17px&#8220; body_font_size_last_edited=&#8220;on|phone&#8220; body_line_height_tablet=&#8220;&#8220; body_line_height_phone=&#8220;1.2em&#8220; body_line_height_last_edited=&#8220;on|phone&#8220; global_colors_info=&#8220;{}&#8220; sticky_transition=&#8220;on&#8220;]<\/p>\n<p>L\u2019IA peut \u00e9galement \u00eatre utilis\u00e9e pour d\u00e9tecter rapidement les d\u00e9faillances ou les probl\u00e8mes potentiels dans le syst\u00e8me d\u2019\u00e9clairage et planifier de mani\u00e8re proactive la maintenance afin de maximiser le temps de fonctionnement.<\/p>\n<p>[\/et_pb_slide][et_pb_slide heading=&#8220;Automatisierte Lichtszenarien: &#8220; _builder_version=&#8220;4.24.1&#8243; _module_preset=&#8220;default&#8220; header_level=&#8220;h2&#8243; header_font=&#8220;CREATE LIGHT FONT|800||on|on||||solid&#8220; header_text_align=&#8220;left&#8220; header_font_size=&#8220;22px&#8220; header_letter_spacing=&#8220;0px&#8220; header_line_height=&#8220;1.6em&#8220; body_font=&#8220;CREATE LIGHT FONT||||||||&#8220; body_text_align=&#8220;left&#8220; body_font_size=&#8220;19px&#8220; text_orientation=&#8220;left&#8220; custom_padding=&#8220;|0px||0px|false|false&#8220; header_text_align_tablet=&#8220;left&#8220; header_text_align_phone=&#8220;center&#8220; header_text_align_last_edited=&#8220;on|phone&#8220; header_font_size_tablet=&#8220;&#8220; header_font_size_phone=&#8220;19px&#8220; header_font_size_last_edited=&#8220;on|phone&#8220; body_text_align_tablet=&#8220;left&#8220; body_text_align_phone=&#8220;center&#8220; body_text_align_last_edited=&#8220;on|phone&#8220; body_font_size_tablet=&#8220;&#8220; body_font_size_phone=&#8220;17px&#8220; body_font_size_last_edited=&#8220;on|phone&#8220; body_line_height_tablet=&#8220;&#8220; body_line_height_phone=&#8220;1.2em&#8220; body_line_height_last_edited=&#8220;on|phone&#8220; global_colors_info=&#8220;{}&#8220; sticky_transition=&#8220;on&#8220;]<\/p>\n<p>Gr\u00e2ce \u00e0 l\u2019utilisation de l\u2019IA, les sc\u00e9narios d\u2019\u00e9clairage peuvent \u00eatre automatiquement ajust\u00e9s pour am\u00e9liorer la pr\u00e9sentation des \u0153uvres d\u2019art tout en \u00e9conomisant de l\u2019\u00e9nergie.<\/p>\n<p>Les objets \u00e0 \u00e9clairer peuvent \u00e9galement \u00eatre d\u00e9tect\u00e9s automatiquement, la composition des couleurs analys\u00e9e et ainsi la couleur de la lumi\u00e8re peut \u00eatre ajust\u00e9e automatiquement via Tunable White.<\/p>\n<p>Pour une exp\u00e9rience de visite optimale.<\/p>\n<p>[\/et_pb_slide][et_pb_slide heading=&#8220;Personalisierte Beleuchtung: &#8220; _builder_version=&#8220;4.24.1&#8243; _module_preset=&#8220;default&#8220; header_level=&#8220;h2&#8243; header_font=&#8220;CREATE LIGHT FONT|800||on|on||||solid&#8220; header_text_align=&#8220;left&#8220; header_font_size=&#8220;22px&#8220; header_letter_spacing=&#8220;0px&#8220; header_line_height=&#8220;1.6em&#8220; body_font=&#8220;CREATE LIGHT FONT||||||||&#8220; body_text_align=&#8220;left&#8220; body_font_size=&#8220;19px&#8220; text_orientation=&#8220;left&#8220; custom_padding=&#8220;|0px||0px|false|false&#8220; header_text_align_tablet=&#8220;left&#8220; header_text_align_phone=&#8220;center&#8220; header_text_align_last_edited=&#8220;on|phone&#8220; header_font_size_tablet=&#8220;&#8220; header_font_size_phone=&#8220;19px&#8220; header_font_size_last_edited=&#8220;on|phone&#8220; body_text_align_tablet=&#8220;left&#8220; body_text_align_phone=&#8220;center&#8220; body_text_align_last_edited=&#8220;on|phone&#8220; body_font_size_tablet=&#8220;&#8220; body_font_size_phone=&#8220;17px&#8220; body_font_size_last_edited=&#8220;on|phone&#8220; body_line_height_tablet=&#8220;&#8220; body_line_height_phone=&#8220;1.2em&#8220; body_line_height_last_edited=&#8220;on|phone&#8220; global_colors_info=&#8220;{}&#8220; sticky_transition=&#8220;on&#8220;]<\/p>\n<p>\u00c0 l\u2019aide d\u2019algorithmes d\u2019IA, les param\u00e8tres d\u2019\u00e9clairage peuvent \u00eatre individualis\u00e9s pour r\u00e9pondre aux pr\u00e9f\u00e9rences des t\u00e9l\u00e9spectateurs et cr\u00e9er une exp\u00e9rience immersive.<\/p>\n<p>Mot-cl\u00e9 : inclusion.<\/p>\n<p>[\/et_pb_slide][et_pb_slide heading=&#8220;Automatisierte Erkennung von Objekten: &#8220; _builder_version=&#8220;4.24.1&#8243; _module_preset=&#8220;default&#8220; header_level=&#8220;h2&#8243; header_font=&#8220;CREATE LIGHT FONT|800||on|on||||solid&#8220; header_text_align=&#8220;left&#8220; header_font_size=&#8220;22px&#8220; header_letter_spacing=&#8220;0px&#8220; header_line_height=&#8220;1.6em&#8220; body_font=&#8220;CREATE LIGHT FONT||||||||&#8220; body_text_align=&#8220;left&#8220; body_font_size=&#8220;19px&#8220; text_orientation=&#8220;left&#8220; custom_padding=&#8220;|0px||0px|false|false&#8220; header_text_align_tablet=&#8220;left&#8220; header_text_align_phone=&#8220;center&#8220; header_text_align_last_edited=&#8220;on|phone&#8220; header_font_size_tablet=&#8220;&#8220; header_font_size_phone=&#8220;19px&#8220; header_font_size_last_edited=&#8220;on|phone&#8220; body_text_align_tablet=&#8220;left&#8220; body_text_align_phone=&#8220;center&#8220; body_text_align_last_edited=&#8220;on|phone&#8220; body_font_size_tablet=&#8220;&#8220; body_font_size_phone=&#8220;17px&#8220; body_font_size_last_edited=&#8220;on|phone&#8220; body_line_height_tablet=&#8220;&#8220; body_line_height_phone=&#8220;1.2em&#8220; body_line_height_last_edited=&#8220;on|phone&#8220; global_colors_info=&#8220;{}&#8220; sticky_transition=&#8220;on&#8220;]<\/p>\n<p>Gr\u00e2ce \u00e0 l\u2019utilisation de l\u2019IA et de la technologie de capteurs correspondante, les objets \u00e0 \u00e9clairer peuvent \u00eatre reconnus, class\u00e9s et \u00e9galement enseign\u00e9s.  En saisissant des ensembles de donn\u00e9es concernant l\u2019\u00e9tat de surface, le nombre maximal d\u2019heures de lux autoris\u00e9es, etc., les \u0153uvres d\u2019art peuvent \u00eatre \u00e9clair\u00e9es de mani\u00e8re optimale, mais aussi prot\u00e9g\u00e9es de mani\u00e8re optimale.<\/p>\n<p>[\/et_pb_slide][et_pb_slide heading=&#8220;Erkennung &#038; Monitoring von konservatorischen Anforderungen: &#8220; _builder_version=&#8220;4.24.1&#8243; _module_preset=&#8220;default&#8220; header_level=&#8220;h2&#8243; header_font=&#8220;CREATE LIGHT FONT|800||on|on||||solid&#8220; header_text_align=&#8220;left&#8220; header_font_size=&#8220;22px&#8220; header_letter_spacing=&#8220;0px&#8220; header_line_height=&#8220;1.6em&#8220; body_font=&#8220;CREATE LIGHT FONT||||||||&#8220; body_text_align=&#8220;left&#8220; body_font_size=&#8220;19px&#8220; text_orientation=&#8220;left&#8220; custom_padding=&#8220;|0px||0px|false|false&#8220; header_text_align_tablet=&#8220;left&#8220; header_text_align_phone=&#8220;center&#8220; header_text_align_last_edited=&#8220;on|phone&#8220; header_font_size_tablet=&#8220;&#8220; header_font_size_phone=&#8220;19px&#8220; header_font_size_last_edited=&#8220;on|phone&#8220; body_text_align_tablet=&#8220;left&#8220; body_text_align_phone=&#8220;center&#8220; body_text_align_last_edited=&#8220;on|phone&#8220; body_font_size_tablet=&#8220;&#8220; body_font_size_phone=&#8220;17px&#8220; body_font_size_last_edited=&#8220;on|phone&#8220; body_line_height_tablet=&#8220;&#8220; body_line_height_phone=&#8220;1.2em&#8220; body_line_height_last_edited=&#8220;on|phone&#8220; global_colors_info=&#8220;{}&#8220; sticky_transition=&#8220;on&#8220;]<\/p>\n<p>Gr\u00e2ce \u00e0 la structuration laser et \u00e0 la tribologie int\u00e9gr\u00e9es, l\u2019\u00e9tat de surface peut \u00eatre suivi en temps r\u00e9el.<\/p>\n<p>La structure de la surface change-t-elle ?<\/p>\n<p>Y a-t-il des signes de dommages dus \u00e0 une intensit\u00e9 lumineuse excessive ?<\/p>\n<p>L\u2019IA d\u00e9tecte ces situations \u00e0 un stade pr\u00e9coce, ajuste l\u2019intensit\u00e9 lumineuse et informe la direction responsable.<\/p>\n<p>[\/et_pb_slide][\/et_pb_slider][et_pb_button button_url=&#8220;@ET-DC@eyJkeW5hbWljIjp0cnVlLCJjb250ZW50IjoicG9zdF9saW5rX3VybF9wYWdlIiwic2V0dGluZ3MiOnsicG9zdF9pZCI6Ijk4NzQ5Nzg3MyJ9fQ==@&#8220; button_text=&#8220;informiert bleiben&#8220; button_alignment=&#8220;left&#8220; button_alignment_tablet=&#8220;left&#8220; button_alignment_phone=&#8220;center&#8220; button_alignment_last_edited=&#8220;on|desktop&#8220; _builder_version=&#8220;4.27.4&#8243; _dynamic_attributes=&#8220;button_url&#8220; _module_preset=&#8220;default&#8220; custom_button=&#8220;on&#8220; button_text_size=&#8220;17px&#8220; button_text_color=&#8220;#FFFFFF&#8220; button_bg_use_color_gradient=&#8220;on&#8220; button_bg_color_gradient_direction=&#8220;126deg&#8220; button_bg_color_gradient_stops=&#8220;#221c35 0%|#5f259f 100%&#8220; button_border_width=&#8220;0px&#8220; button_border_radius=&#8220;5px&#8220; button_letter_spacing=&#8220;1px&#8220; button_font=&#8220;CREATE LIGHT FONT|||on|||||&#8220; button_icon=&#8220;&#x26;||divi||400&#8243; custom_margin=&#8220;3vh||||false|false&#8220; custom_margin_tablet=&#8220;3vh||||false|false&#8220; custom_margin_phone=&#8220;3vh||5vh||false|false&#8220; custom_margin_last_edited=&#8220;on|tablet&#8220; hover_enabled=&#8220;0&#8243; button_text_size_tablet=&#8220;17px&#8220; button_text_size_phone=&#8220;18px&#8220; button_text_size_last_edited=&#8220;on|phone&#8220; global_colors_info=&#8220;{}&#8220; sticky_enabled=&#8220;0&#8243;][\/et_pb_button][\/et_pb_column][\/et_pb_row][\/et_pb_section]<\/p>","protected":false},"excerpt":{"rendered":"<p>FOCUS KIEinsatz von k\u00fcnstlicher Intelligenz in der AusstellungsbeleuchtungK\u00fcnstliche Intelligenz kann die Beleuchtungssteuerung optimieren, indem sie Daten \u00fcber das Umgebungslicht, die Kunstwerke und den Besucherverkehr analysiert, um eine dynamische und adaptive Beleuchtung zu gew\u00e4hrleisten.KI kann auch eingesetzt werden, um potenzielle Ausf\u00e4lle oder Probleme in der Beleuchtungsanlage fr\u00fchzeitig zu erkennen und Wartungsarbeiten proaktiv zu planen, um die [&hellip;]<\/p>","protected":false},"author":1,"featured_media":0,"parent":0,"menu_order":0,"comment_status":"closed","ping_status":"closed","template":"","meta":{"_et_pb_use_builder":"on","_et_pb_old_content":"","_et_gb_content_width":"","footnotes":""},"dipi_cpt_category":[],"class_list":["post-987499409","page","type-page","status-publish","hentry"],"_links":{"self":[{"href":"https:\/\/www.create-light.de\/fr\/wp-json\/wp\/v2\/pages\/987499409","targetHints":{"allow":["GET"]}}],"collection":[{"href":"https:\/\/www.create-light.de\/fr\/wp-json\/wp\/v2\/pages"}],"about":[{"href":"https:\/\/www.create-light.de\/fr\/wp-json\/wp\/v2\/types\/page"}],"author":[{"embeddable":true,"href":"https:\/\/www.create-light.de\/fr\/wp-json\/wp\/v2\/users\/1"}],"replies":[{"embeddable":true,"href":"https:\/\/www.create-light.de\/fr\/wp-json\/wp\/v2\/comments?post=987499409"}],"version-history":[{"count":10,"href":"https:\/\/www.create-light.de\/fr\/wp-json\/wp\/v2\/pages\/987499409\/revisions"}],"predecessor-version":[{"id":987500048,"href":"https:\/\/www.create-light.de\/fr\/wp-json\/wp\/v2\/pages\/987499409\/revisions\/987500048"}],"wp:attachment":[{"href":"https:\/\/www.create-light.de\/fr\/wp-json\/wp\/v2\/media?parent=987499409"}],"wp:term":[{"taxonomy":"dipi_cpt_category","embeddable":true,"href":"https:\/\/www.create-light.de\/fr\/wp-json\/wp\/v2\/dipi_cpt_category?post=987499409"}],"curies":[{"name":"wp","href":"https:\/\/api.w.org\/{rel}","templated":true}]}}