{"id":987499967,"date":"2024-04-26T18:31:02","date_gmt":"2024-04-26T16:31:02","guid":{"rendered":"https:\/\/www.create-light.de\/?page_id=987499967"},"modified":"2024-04-26T18:37:32","modified_gmt":"2024-04-26T16:37:32","slug":"stahler-leasing","status":"publish","type":"page","link":"https:\/\/www.create-light.de\/en\/stahler-leasing\/","title":{"rendered":"Stahler Leasing"},"content":{"rendered":"<p>[et_pb_section fb_built=&#8220;1&#8243; custom_padding_last_edited=&#8220;on|phone&#8220; _builder_version=&#8220;4.25.0&#8243; _module_preset=&#8220;default&#8220; background_color=&#8220;#0c0c0c&#8220; use_background_color_gradient=&#8220;on&#8220; background_color_gradient_stops=&#8220;rgba(43,135,218,0) 32%|#000000 100%&#8220; background_color_gradient_overlays_image=&#8220;on&#8220; background_image=&#8220;https:\/\/www.create-light.de\/wp-content\/uploads\/CREATE_LIGHT_FOCUS-KL2.webp&#8220; min_height=&#8220;100vh&#8220; min_height_tablet=&#8220;100vh&#8220; min_height_phone=&#8220;&#8220; min_height_last_edited=&#8220;on|phone&#8220; height=&#8220;100vh&#8220; height_tablet=&#8220;100vh&#8220; height_phone=&#8220;&#8220; height_last_edited=&#8220;on|tablet&#8220; custom_padding_tablet=&#8220;&#8220; custom_padding_phone=&#8220;0px||0px||false|false&#8220; filter_saturate=&#8220;109%&#8220; background_last_edited=&#8220;off|desktop&#8220; background_image_phone=&#8220;https:\/\/www.create-light.de\/wp-content\/uploads\/CREATE-LIGHT-home-m.jpg&#8220; background_enable_image_phone=&#8220;on&#8220; module_alignment_last_edited=&#8220;off|phone&#8220; global_colors_info=&#8220;{}&#8220;][et_pb_row disabled_on=&#8220;off|off|off&#8220; _builder_version=&#8220;4.24.2&#8243; _module_preset=&#8220;default&#8220; background_color=&#8220;rgba(12,12,12,0.71)&#8220; positioning=&#8220;absolute&#8220; position_origin_a=&#8220;bottom_left&#8220; position_origin_a_tablet=&#8220;top_center&#8220; position_origin_a_phone=&#8220;top_center&#8220; position_origin_a_last_edited=&#8220;on|tablet&#8220; position_origin_f_tablet=&#8220;&#8220; position_origin_f_phone=&#8220;&#8220; position_origin_f_last_edited=&#8220;on|phone&#8220; position_origin_r_tablet=&#8220;&#8220; position_origin_r_phone=&#8220;&#8220; position_origin_r_last_edited=&#8220;on|phone&#8220; width=&#8220;auto&#8220; width_tablet=&#8220;98%&#8220; width_phone=&#8220;100%&#8220; width_last_edited=&#8220;on|phone&#8220; custom_margin=&#8220;15vh||5vh|5vh|false|false&#8220; custom_margin_tablet=&#8220;|0vh|5vh|0px|false|false&#8220; custom_margin_phone=&#8220;0px|0vh|1vh|0px|false|false&#8220; custom_margin_last_edited=&#8220;on|phone&#8220; custom_padding=&#8220;|2vh||2vh|false|false&#8220; positioning_tablet=&#8220;absolute&#8220; positioning_phone=&#8220;relative&#8220; positioning_last_edited=&#8220;on|phone&#8220; border_radii=&#8220;on|10px|10px|10px|10px&#8220; global_colors_info=&#8220;{}&#8220;][et_pb_column type=&#8220;4_4&#8243; _builder_version=&#8220;4.23.4&#8243; _module_preset=&#8220;default&#8220; global_colors_info=&#8220;{}&#8220;][et_pb_text content_tablet=&#8220;<\/p>\n<h1 style=\"%22text-align:\" left;%22><strong>FOCUS AI<\/strong><\/h1>\n<p>&#8220; content_phone=&#8220;<\/p>\n<h1 style=\"%22text-align:\" center;%22>FOCUS AI<\/h1>\n<p>&#8220; content_last_edited=&#8220;on|phone&#8220; _builder_version=&#8220;4.25.0&#8243; _module_preset=&#8220;default&#8220; header_font=&#8220;CREATE LIGHT FONT|900|||||||&#8220; header_text_align=&#8220;left&#8220; header_text_color=&#8220;#FFFFFF&#8220; header_font_size=&#8220;36px&#8220; header_line_height=&#8220;1.4em&#8220; header_3_font=&#8220;Hammersmith One|||on|||||&#8220; header_3_text_align=&#8220;left&#8220; header_3_text_color=&#8220;#FFFFFF&#8220; header_3_font_size=&#8220;39px&#8220; header_3_line_height=&#8220;1.4em&#8220; custom_margin=&#8220;0px||||false|false&#8220; custom_margin_tablet=&#8220;0px||||false|false&#8220; custom_margin_phone=&#8220;||0px||false|false&#8220; custom_margin_last_edited=&#8220;on|phone&#8220; custom_padding=&#8220;0px||0px||false|false&#8220; header_text_align_tablet=&#8220;&#8220; header_text_align_phone=&#8220;center&#8220; header_text_align_last_edited=&#8220;on|phone&#8220; header_font_size_tablet=&#8220;36px&#8220; header_font_size_phone=&#8220;25px&#8220; header_font_size_last_edited=&#8220;on|phone&#8220; header_3_font_size_tablet=&#8220;39px&#8220; header_3_font_size_phone=&#8220;28px&#8220; header_3_font_size_last_edited=&#8220;on|phone&#8220; global_colors_info=&#8220;{}&#8220; custom_css_main_element_last_edited=&#8220;on|tablet&#8220; custom_css_main_element_tablet=&#8220;text-indent: 0%;&#8220; custom_css_main_element_phone=&#8220;text-indent: 0%;&#8220;]<\/p>\n<h1 style=\"text-align: left;\"><strong>KOMMUNAL &#8211; LEASING<\/strong><\/h1>\n<p>[\/et_pb_text][et_pb_text disabled_on=&#8220;off|off|off&#8220; _builder_version=&#8220;4.25.0&#8243; _module_preset=&#8220;default&#8220; text_font=&#8220;CREATE LIGHT FONT||||||||&#8220; text_text_color=&#8220;#FFFFFF&#8220; text_font_size=&#8220;19px&#8220; text_line_height=&#8220;1.1em&#8220; custom_margin=&#8220;||||false|false&#8220; custom_padding=&#8220;||||false|false&#8220; text_font_size_tablet=&#8220;19px&#8220; text_font_size_phone=&#8220;17px&#8220; text_font_size_last_edited=&#8220;on|phone&#8220; text_line_height_tablet=&#8220;1.1em&#8220; text_line_height_phone=&#8220;0.5em&#8220; text_line_height_last_edited=&#8220;on|phone&#8220; text_orientation_tablet=&#8220;&#8220; text_orientation_phone=&#8220;center&#8220; text_orientation_last_edited=&#8220;on|phone&#8220; global_colors_info=&#8220;{}&#8220;]<\/p>\n<p><strong>Klamme Kasse?<\/strong><\/p>\n<p><strong>Jetzt Kommunal-Leasing anfragen<\/strong><\/p>\n<p>[\/et_pb_text][\/et_pb_column][\/et_pb_row][et_pb_row custom_padding_last_edited=&#8220;on|phone&#8220; disabled_on=&#8220;off|off|off&#8220; _builder_version=&#8220;4.24.2&#8243; _module_preset=&#8220;default&#8220; background_color=&#8220;rgba(0,0,0,0.66)&#8220; positioning=&#8220;absolute&#8220; position_origin_a=&#8220;bottom_right&#8220; position_origin_a_tablet=&#8220;bottom_center&#8220; position_origin_a_phone=&#8220;bottom_center&#8220; position_origin_a_last_edited=&#8220;on|phone&#8220; position_origin_f_tablet=&#8220;&#8220; position_origin_f_phone=&#8220;&#8220; position_origin_f_last_edited=&#8220;on|phone&#8220; position_origin_r_tablet=&#8220;&#8220; position_origin_r_phone=&#8220;top_left&#8220; position_origin_r_last_edited=&#8220;on|phone&#8220; width=&#8220;43%&#8220; width_tablet=&#8220;98%&#8220; width_phone=&#8220;100%&#8220; width_last_edited=&#8220;on|phone&#8220; custom_margin=&#8220;|2vh|5vh|auto|false|false&#8220; custom_margin_tablet=&#8220;|0vh|5vh|0px|false|false&#8220; custom_margin_phone=&#8220;|0vh|0vh|0px|false|false&#8220; custom_margin_last_edited=&#8220;on|phone&#8220; custom_padding=&#8220;|2vh||2vh|false|true&#8220; custom_padding_tablet=&#8220;|2vh||2vh|false|true&#8220; custom_padding_phone=&#8220;2vh|0vh|0px|0vh|false|true&#8220; positioning_tablet=&#8220;absolute&#8220; positioning_phone=&#8220;relative&#8220; positioning_last_edited=&#8220;on|phone&#8220; border_radii=&#8220;on|10px|10px|10px|10px&#8220; global_colors_info=&#8220;{}&#8220;][et_pb_column type=&#8220;4_4&#8243; _builder_version=&#8220;4.24.2&#8243; _module_preset=&#8220;default&#8220; global_colors_info=&#8220;{}&#8220;][et_pb_slider show_arrows=&#8220;off&#8220; show_pagination=&#8220;off&#8220; _builder_version=&#8220;4.25.0&#8243; _module_preset=&#8220;default&#8220; background_color=&#8220;RGBA(255,255,255,0)&#8220; module_alignment=&#8220;left&#8220; custom_margin=&#8220;||0px|-5vh|false|false&#8220; custom_margin_tablet=&#8220;0px||0px|-5vh|false|false&#8220; custom_margin_phone=&#8220;|||0vh|false|false&#8220; custom_margin_last_edited=&#8220;on|desktop&#8220; custom_padding=&#8220;0px||0px|0px|false|false&#8220; auto=&#8220;on&#8220; auto_speed=&#8220;6000&#8243; auto_ignore_hover=&#8220;on&#8220; hover_enabled=&#8220;0&#8243; global_colors_info=&#8220;{}&#8220; body_ul_type=&#8220;square&#8220; sticky_enabled=&#8220;0&#8243;][et_pb_slide heading=&#8220;Die Fakten im \u00dcberblick:&#8220; _builder_version=&#8220;4.25.0&#8243; _module_preset=&#8220;default&#8220; header_level=&#8220;h2&#8243; header_font=&#8220;CREATE LIGHT FONT|800||on|on||||solid&#8220; header_text_align=&#8220;left&#8220; header_font_size=&#8220;22px&#8220; header_letter_spacing=&#8220;0px&#8220; header_line_height=&#8220;1.6em&#8220; body_font=&#8220;CREATE LIGHT FONT||||||||&#8220; body_text_align=&#8220;left&#8220; body_font_size=&#8220;19px&#8220; body_ul_text_align=&#8220;left&#8220; text_orientation=&#8220;left&#8220; custom_padding=&#8220;|0px||0px|false|false&#8220; header_text_align_tablet=&#8220;left&#8220; header_text_align_phone=&#8220;left&#8220; header_text_align_last_edited=&#8220;on|phone&#8220; header_font_size_tablet=&#8220;&#8220; header_font_size_phone=&#8220;19px&#8220; header_font_size_last_edited=&#8220;on|phone&#8220; body_text_align_tablet=&#8220;left&#8220; body_text_align_phone=&#8220;center&#8220; body_text_align_last_edited=&#8220;on|phone&#8220; body_font_size_tablet=&#8220;&#8220; body_font_size_phone=&#8220;17px&#8220; body_font_size_last_edited=&#8220;on|phone&#8220; body_line_height_tablet=&#8220;&#8220; body_line_height_phone=&#8220;1.2em&#8220; body_line_height_last_edited=&#8220;on|phone&#8220; global_colors_info=&#8220;{}&#8220; sticky_transition=&#8220;on&#8220;]<\/p>\n<ul>\n<li class=\"p1\">Ert\u00fcchtigung der Beleuchtung auch mit niedrigem Budget<\/li>\n<li class=\"p1\">bis zu 90% Energieeinsparung ab Tag 1<\/li>\n<li class=\"p1\">Leasing durch Reduzierung der Stromkosten teilgedeckt passend auf alle Schienensysteme<\/li>\n<li class=\"p1\">ZOOM-Linse f\u00fcr maximale Flexibilit\u00e4t<\/li>\n<li class=\"p1\">Dimmer am Geh\u00e4use zur exakten Helligkeitsregulierung<\/li>\n<li class=\"p1\">Farbwiedergabe bis zu CR197<\/li>\n<li class=\"p1\">Kauf nach Leasingdauer m\u00f6glich (Mietkauf)<\/li>\n<\/ul>\n<p>[\/et_pb_slide][\/et_pb_slider][et_pb_button button_url=&#8220;@ET-DC@eyJkeW5hbWljIjp0cnVlLCJjb250ZW50IjoicG9zdF9saW5rX3VybF9wYWdlIiwic2V0dGluZ3MiOnsicG9zdF9pZCI6Ijk4NzQ5Nzg3MyJ9fQ==@&#8220; button_text=&#8220;Leasing anfragen&#8220; button_alignment=&#8220;left&#8220; button_alignment_tablet=&#8220;left&#8220; button_alignment_phone=&#8220;center&#8220; button_alignment_last_edited=&#8220;on|desktop&#8220; _builder_version=&#8220;4.25.0&#8243; _dynamic_attributes=&#8220;button_url&#8220; _module_preset=&#8220;default&#8220; custom_button=&#8220;on&#8220; button_text_size=&#8220;17px&#8220; button_text_color=&#8220;#FFFFFF&#8220; button_bg_use_color_gradient=&#8220;on&#8220; button_bg_color_gradient_direction=&#8220;126deg&#8220; button_bg_color_gradient_stops=&#8220;#4696d2 0%|#653b8f 100%&#8220; button_border_width=&#8220;0px&#8220; button_border_radius=&#8220;5px&#8220; button_letter_spacing=&#8220;1px&#8220; button_font=&#8220;CREATE LIGHT FONT|||on|||||&#8220; button_icon=&#8220;&#x26;||divi||400&#8243; custom_margin=&#8220;3vh||||false|false&#8220; custom_margin_tablet=&#8220;3vh||||false|false&#8220; custom_margin_phone=&#8220;3vh||5vh||false|false&#8220; custom_margin_last_edited=&#8220;on|tablet&#8220; button_text_size_tablet=&#8220;17px&#8220; button_text_size_phone=&#8220;18px&#8220; button_text_size_last_edited=&#8220;on|phone&#8220; global_colors_info=&#8220;{}&#8220;][\/et_pb_button][\/et_pb_column][\/et_pb_row][\/et_pb_section]<\/p>","protected":false},"excerpt":{"rendered":"<p>KOMMUNAL &#8211; LEASINGKlamme Kasse? Jetzt Kommunal-Leasing anfragen Ert\u00fcchtigung der Beleuchtung auch mit niedrigem Budget bis zu 90% Energieeinsparung ab Tag 1 Leasing durch Reduzierung der Stromkosten teilgedeckt passend auf alle Schienensysteme ZOOM-Linse f\u00fcr maximale Flexibilit\u00e4t Dimmer am Geh\u00e4use zur exakten Helligkeitsregulierung Farbwiedergabe bis zu CR197 Kauf nach Leasingdauer m\u00f6glich (Mietkauf)<\/p>","protected":false},"author":1,"featured_media":0,"parent":0,"menu_order":0,"comment_status":"closed","ping_status":"closed","template":"","meta":{"_et_pb_use_builder":"on","_et_pb_old_content":"","_et_gb_content_width":"","footnotes":""},"dipi_cpt_category":[],"class_list":["post-987499967","page","type-page","status-publish","hentry"],"_links":{"self":[{"href":"https:\/\/www.create-light.de\/en\/wp-json\/wp\/v2\/pages\/987499967","targetHints":{"allow":["GET"]}}],"collection":[{"href":"https:\/\/www.create-light.de\/en\/wp-json\/wp\/v2\/pages"}],"about":[{"href":"https:\/\/www.create-light.de\/en\/wp-json\/wp\/v2\/types\/page"}],"author":[{"embeddable":true,"href":"https:\/\/www.create-light.de\/en\/wp-json\/wp\/v2\/users\/1"}],"replies":[{"embeddable":true,"href":"https:\/\/www.create-light.de\/en\/wp-json\/wp\/v2\/comments?post=987499967"}],"version-history":[{"count":5,"href":"https:\/\/www.create-light.de\/en\/wp-json\/wp\/v2\/pages\/987499967\/revisions"}],"predecessor-version":[{"id":987499977,"href":"https:\/\/www.create-light.de\/en\/wp-json\/wp\/v2\/pages\/987499967\/revisions\/987499977"}],"wp:attachment":[{"href":"https:\/\/www.create-light.de\/en\/wp-json\/wp\/v2\/media?parent=987499967"}],"wp:term":[{"taxonomy":"dipi_cpt_category","embeddable":true,"href":"https:\/\/www.create-light.de\/en\/wp-json\/wp\/v2\/dipi_cpt_category?post=987499967"}],"curies":[{"name":"wp","href":"https:\/\/api.w.org\/{rel}","templated":true}]}}